{"id":11,"date":"2025-09-17T06:55:05","date_gmt":"2025-09-17T06:55:05","guid":{"rendered":"http:\/\/com2iles.fr\/?page_id=11"},"modified":"2025-11-03T14:12:44","modified_gmt":"2025-11-03T14:12:44","slug":"com2iles-academie-de-danse-a-brioude","status":"publish","type":"page","link":"https:\/\/com2iles.fr\/","title":{"rendered":"com2\u00eeles acad\u00e9mie de danse \u00e0 Brioude"},"content":{"rendered":"<div id=\"pl-11\"  class=\"panel-layout\" ><div id=\"pg-11-0\"  class=\"panel-grid panel-no-style\" ><div id=\"pgc-11-0-0\"  class=\"panel-grid-cell\" ><div id=\"panel-11-0-0-0\" class=\"so-panel widget widget_sow-editor panel-first-child panel-last-child\" data-index=\"0\" ><div class=\"panel-widget-style panel-widget-style-for-11-0-0-0\" ><div\n\t\t\t\n\t\t\tclass=\"so-widget-sow-editor so-widget-sow-editor-base\"\n\t\t\t\n\t\t>\n<div class=\"siteorigin-widget-tinymce textwidget\">\n\t<h1 style=\"text-align: left;\"><img loading=\"lazy\" decoding=\"async\" class=\"wp-image-17 aligncenter\" src=\"http:\/\/com2iles.fr\/wp-content\/uploads\/2025\/09\/C2I_quadri.png\" alt=\"\" width=\"477\" height=\"456\" srcset=\"https:\/\/com2iles.fr\/wp-content\/uploads\/2025\/09\/C2I_quadri.png 709w, https:\/\/com2iles.fr\/wp-content\/uploads\/2025\/09\/C2I_quadri-300x287.png 300w\" sizes=\"auto, (max-width: 477px) 100vw, 477px\" \/><\/h1>\n<h1 style=\"text-align: center;\"><span style=\"color: #ffffff;\"><strong>Acad\u00e9mie de Danses Fitness Afro-Carib\u00e9ennes<\/strong><\/span><\/h1>\n<h1 style=\"text-align: center;\"><span style=\"color: #ffffff;\"><strong>OUVERTURE LE 6 octobre \u00c0 La Baraque David, SAINT-LAURENT-CHABREUGES<\/strong><\/span><\/h1>\n<h1 style=\"text-align: center;\"><span style=\"color: #ffffff;\"><strong>pr\u00e8s de BRIOUDE<\/strong><\/span><\/h1>\n<p style=\"text-align: center;\"><span style=\"color: #ffffff;\">La Baraque David, 43100 Saint-Laurent-Chabreuges<\/span><br \/>\n<span style=\"color: #ffffff;\"><em>07 88 00 65 39<\/em><\/span><br \/>\n<span style=\"color: #ffffff;\"><em><a style=\"color: #ffffff;\">contact@com2iles.fr<\/a><\/em><\/span><\/p>\n<p><a href=\"https:\/\/play.google.com\/store\/apps\/details?id=com.bsport\"><img loading=\"lazy\" decoding=\"async\" class=\"wp-image-131 size-full alignright\" src=\"https:\/\/com2iles.fr\/wp-content\/uploads\/2025\/11\/unnamed-1.png\" alt=\"\" width=\"300\" height=\"161\" \/><\/a> <a href=\"https:\/\/apps.apple.com\/fr\/app\/bsport\/id1356621554\"><img loading=\"lazy\" decoding=\"async\" class=\"wp-image-132 size-full alignleft\" src=\"https:\/\/com2iles.fr\/wp-content\/uploads\/2025\/11\/unnamed-2.png\" alt=\"\" width=\"300\" height=\"161\" \/><\/a><\/p>\n<\/div>\n<\/div><\/div><\/div><\/div><\/div><div id=\"pg-11-1\"  class=\"panel-grid panel-has-style\" ><div class=\"siteorigin-panels-stretch panel-row-style panel-row-style-for-11-1\" data-stretch-type=\"full-width-stretch\" ><div id=\"pgc-11-1-0\"  class=\"panel-grid-cell\" ><div id=\"panel-11-1-0-0\" class=\"so-panel widget widget_sow-editor panel-first-child panel-last-child\" data-index=\"1\" ><div\n\t\t\t\n\t\t\tclass=\"so-widget-sow-editor so-widget-sow-editor-base\"\n\t\t\t\n\t\t>\n<div class=\"siteorigin-widget-tinymce textwidget\">\n\t<h3 style=\"text-align: center;\">Bienvenue \u00e0 l\u2019Acad\u00e9mie Danses Afro-Carib\u00e9ennes \/ Fitness, un espace unique o\u00f9 la<br \/>\ndanse, le sport et la culture se rencontrent pour cr\u00e9er une exp\u00e9rience inoubliable\u00a0!<\/h3>\n<\/div>\n<\/div><\/div><\/div><\/div><\/div><div id=\"pg-11-2\"  class=\"panel-grid panel-has-style\" ><div class=\"siteorigin-panels-stretch panel-row-style panel-row-style-for-11-2\" data-stretch-type=\"full\" ><div id=\"pgc-11-2-0\"  class=\"panel-grid-cell\" ><div id=\"panel-11-2-0-0\" class=\"so-panel widget widget_sow-headline panel-first-child panel-last-child\" data-index=\"2\" ><div\n\t\t\t\n\t\t\tclass=\"so-widget-sow-headline so-widget-sow-headline-default-3f8c0416c275-11 so-widget-fittext-wrapper\"\n\t\t\t data-fit-text-compressor=\"0.85\"\n\t\t><div class=\"sow-headline-container \">\n\t\t\t\t\t\t\t<h1 class=\"sow-headline\">\n\t\t\t\t\t\tNos disciplines\t\t\t\t\t\t<\/h1>\n\t\t\t\t\t\t<\/div>\n<\/div><\/div><\/div><\/div><\/div><div id=\"pg-11-3\"  class=\"panel-grid panel-no-style\" ><div id=\"pgc-11-3-0\"  class=\"panel-grid-cell panel-grid-cell-empty\" ><\/div><div id=\"pgc-11-3-1\"  class=\"panel-grid-cell\" ><div id=\"panel-11-3-1-0\" class=\"so-panel widget widget_sow-editor panel-first-child panel-last-child\" data-index=\"3\" ><div\n\t\t\t\n\t\t\tclass=\"so-widget-sow-editor so-widget-sow-editor-base\"\n\t\t\t\n\t\t>\n<div class=\"siteorigin-widget-tinymce textwidget\">\n\t<h1 class=\"sow-features-feature-title\" style=\"text-align: center;\">Danse Afro-Carib\u00e9enne<\/h1>\n<p>&nbsp;<\/p>\n<p style=\"text-align: center; font-size: 24px;\"><span style=\"color: #ffffff;\">Salsa<\/span><\/p>\n<p style=\"text-align: center; font-size: 24px;\"><span style=\"color: #ffffff;\">Bachata<\/span><\/p>\n<p style=\"text-align: center; font-size: 24px;\"><span style=\"color: #ffffff;\">Kizomba<\/span><\/p>\n<\/div>\n<\/div><\/div><\/div><div id=\"pgc-11-3-2\"  class=\"panel-grid-cell\" ><div id=\"panel-11-3-2-0\" class=\"so-panel widget widget_sow-editor panel-first-child panel-last-child\" data-index=\"4\" ><div\n\t\t\t\n\t\t\tclass=\"so-widget-sow-editor so-widget-sow-editor-base\"\n\t\t\t\n\t\t>\n<div class=\"siteorigin-widget-tinymce textwidget\">\n\t<h1 class=\"sow-features-feature-title\" style=\"text-align: center;\">Fitness<\/h1>\n<p>&nbsp;<\/p>\n<p style=\"text-align: center; font-size: 24px;\"><span style=\"color: #ffffff;\">Pilates<\/span><\/p>\n<p style=\"text-align: center; font-size: 24px;\"><span style=\"color: #ffffff;\">Zumba (Kids &amp; Adultes)<\/span><\/p>\n<p style=\"text-align: center; font-size: 24px;\"><span style=\"color: #ffffff;\">Remise en forme<\/span><\/p>\n<\/div>\n<\/div><\/div><\/div><div id=\"pgc-11-3-3\"  class=\"panel-grid-cell panel-grid-cell-mobile-last\" ><div id=\"panel-11-3-3-0\" class=\"so-panel widget widget_sow-editor panel-first-child panel-last-child\" data-index=\"5\" ><div\n\t\t\t\n\t\t\tclass=\"so-widget-sow-editor so-widget-sow-editor-base\"\n\t\t\t\n\t\t>\n<div class=\"siteorigin-widget-tinymce textwidget\">\n\t<h1 class=\"sow-features-feature-title\" style=\"text-align: center;\">Bien \u00eatre<\/h1>\n<p style=\"text-align: center; font-size: 15px;\"><span style=\"color: #000000;\">(sur demande)<\/span><\/p>\n<p style=\"text-align: center; font-size: 24px;\"><span style=\"color: #ffffff;\">Th\u00e9rapie de couple par la danse<\/span><\/p>\n<p style=\"text-align: center; font-size: 24px;\"><span style=\"color: #ffffff;\">Th\u00e9rapie individuelle par le sport<\/span><\/p>\n<p style=\"text-align: center; font-size: 24px;\"><span style=\"color: #ffffff;\">Relaxation<\/span><\/p>\n<\/div>\n<\/div><\/div><\/div><div id=\"pgc-11-3-4\"  class=\"panel-grid-cell panel-grid-cell-empty\" ><\/div><\/div><div id=\"pg-11-4\"  class=\"panel-grid panel-no-style\" ><div id=\"pgc-11-4-0\"  class=\"panel-grid-cell\" ><div id=\"panel-11-4-0-0\" class=\"so-panel widget widget_sow-editor panel-first-child panel-last-child\" data-index=\"6\" ><div\n\t\t\t\n\t\t\tclass=\"so-widget-sow-editor so-widget-sow-editor-base\"\n\t\t\t\n\t\t>\n<div class=\"siteorigin-widget-tinymce textwidget\">\n\t<h2 style=\"text-align: center;\">Notre mission :<\/h2>\n<p style=\"text-align: center;\"><strong>Vous faire bouger, progresser<\/strong> et <strong>profitez pleinement<\/strong> \u00e0 travers les<strong> bienfaits du fitness<\/strong> et<br \/>\ndes<strong> danses afro-carib\u00e9enes.<\/strong><br \/>\nIci, chacun trouve sa place : que vous soyez <strong>d\u00e9butant(e) ou confirm\u00e9(e)<\/strong>, <strong>seul(e) ou en<\/strong><br \/>\n<strong>couple<\/strong>, vous profiterez d\u2019un enseignement technique, professionnel et adapt\u00e9, dans une<br \/>\nambiance <strong>conviviale, chaleureuse et motivante.<\/strong><\/p>\n<p style=\"text-align: center;\">Porteur d\u2019un projet tourn\u00e9 vers le territoire et le dynamisme local, Com2iles en collaboration avec<br \/>\nl\u2019association Id\u00e9e Auvergne proposera des<strong> actions \u00e9ducatives au sein des \u00e9coles\u00a0; Ateliers<\/strong><br \/>\n<strong>d\u2019expression corporelle sensibilisation au sport et \u00e0 la nutrition, ainsi que des \u00e9changes culturels<\/strong><br \/>\n<strong>avec les Cara\u00efbes et les Antilles fran\u00e7aises.<\/strong><\/p>\n<h2 style=\"text-align: center;\">Ce que nous vous offrons :<\/h2>\n<p style=\"text-align: center;\"><strong>\u00a0Une ambiance conviviale et bienveillante,<\/strong> o\u00f9 le plaisir entraine la performance.<br \/>\n<strong>Des cours vari\u00e9s tout au long de la journ\u00e9e<\/strong>, pour s\u2019adapter \u00e0 vos disponibilit\u00e9s !<br \/>\n<strong>Des stages le week-end<\/strong> : pour d\u00e9couvrir et progresser autrement !<br \/>\n<strong>\u00c9v\u00e9nements sp\u00e9ciaux<\/strong> : des soir\u00e9es et animations th\u00e9matiques tout au long de l\u2019ann\u00e9e !<br \/>\n<strong>Location de salle : <\/strong>Profitez d'un lieu convivial id\u00e9al pour vos f\u00eates priv\u00e9s , s\u00e9minaire et assembl\u00e9es g\u00e9n\u00e9rales<\/p>\n<\/div>\n<\/div><\/div><\/div><\/div><div id=\"pg-11-5\"  class=\"panel-grid panel-has-style\" ><div class=\"siteorigin-panels-stretch panel-row-style panel-row-style-for-11-5\" data-stretch-type=\"full\" ><div id=\"pgc-11-5-0\"  class=\"panel-grid-cell panel-grid-cell-empty\" ><\/div><div id=\"pgc-11-5-1\"  class=\"panel-grid-cell\" ><div id=\"panel-11-5-1-0\" class=\"so-panel widget widget_sow-editor panel-first-child panel-last-child\" data-index=\"7\" ><div\n\t\t\t\n\t\t\tclass=\"so-widget-sow-editor so-widget-sow-editor-base\"\n\t\t\t\n\t\t>\n<div class=\"siteorigin-widget-tinymce textwidget\">\n\t<h2><span style=\"color: #000000;\">Nos tarifs<\/span><\/h2>\n<p><span style=\"color: #000000; font-size: 20px;\"><strong>Sans Adh\u00e9sion\u00a0: En Libert\u00e9<\/strong><\/span><\/p>\n<p><span style=\"color: #000000;\">R\u00e9servez quand vous le souhaitez une heure de cours en fonction de vos disponibilit\u00e9s de votre rythme.<\/span><br \/>\n<span style=\"color: #000000;\">1 h de cours\u00a0: 12\u20ac<\/span><\/p>\n<p><span style=\"color: #000000;\"><em><strong>Exclusif Promo de lancement jusqu\u2019en DECEMBRE 2025 valable sur tarifs sans adh\u00e9sion et abonnement enfant\/ado<\/strong>\u00a0<\/em>: code promo \"LANCEMENT\" \u00e0 utiliser sur l'appli.\u00a0<\/span><\/p>\n<p><span style=\"color: #000000; font-size: 20px;\"><strong>Avec adh\u00e9sion annuelle\u00a0<\/strong><\/span><\/p>\n<p><span style=\"color: #000000;\">En prenant votre carte d\u2019adh\u00e9sion, vous :<\/span><\/p>\n<ul>\n<li><span style=\"color: #000000;\">B\u00e9n\u00e9ficiez de 15 \u00e0 50 % de r\u00e9duction sur les cours et \u00e9v\u00e9nements,<\/span><\/li>\n<li><span style=\"color: #000000;\">Recevez nos informations \u00e9v\u00e8nements en avant-premi\u00e8re,<\/span><\/li>\n<li><span style=\"color: #000000;\">et contribuez \u00e0 soutenir nos actions \u00e9ducatives dans les \u00e9coles du Brivadois(expression corporelle, sport, nutrition, \u00e9changes culturels).<\/span><\/li>\n<\/ul>\n<p><span style=\"color: #000000;\"><strong>Tarif Enfants Zumba Kids<\/strong>\u00a0 ( 6 11 ans ): 220 \u20ac ( Carte d\u2019adh\u00e9sion Incluse )<\/span><br \/>\n<span style=\"color: #000000;\"><strong>Tarifs Ados<\/strong> (11- 17ans)\u00a0; 250 \u20ac (carte d\u2019adh\u00e9sion Incluse)<\/span><br \/>\n<span style=\"color: #000000;\">Abonnement annuel pour 30 s\u00e9ances<\/span><\/p>\n<\/div>\n<\/div><\/div><\/div><div id=\"pgc-11-5-2\"  class=\"panel-grid-cell panel-grid-cell-mobile-last\" ><div id=\"panel-11-5-2-0\" class=\"so-panel widget widget_sow-editor panel-first-child panel-last-child\" data-index=\"8\" ><div\n\t\t\t\n\t\t\tclass=\"so-widget-sow-editor so-widget-sow-editor-base\"\n\t\t\t\n\t\t>\n<div class=\"siteorigin-widget-tinymce textwidget\">\n\t<h2>\u00c9v\u00e9nements\u00a0 Services<\/h2>\n<p>\u2022 Journ\u00e9e Afro-Carib\u00e9ene \u2013 18 octobre 2025<\/p>\n<p>\u2022 Initiations apr\u00e8s-midis dansantes<br \/>\nPour pratiquer en s\u2019amusant<\/p>\n<p>\u2022 Cours priv\u00e9s ou collectifs<br \/>\nPersonnalis\u00e9s selon vos envies<\/p>\n<p>\u2022 Prestations sur-mesure<\/p>\n<p style=\"padding-left: 40px;\">-EVJF \/ EVG<\/p>\n<p style=\"padding-left: 40px;\">-Incentive pour entreprise collectivit\u00e9s<\/p>\n<p style=\"padding-left: 40px;\">-Apres midi et ou soir\u00e9e dansantes<\/p>\n<p>\u2022 Prestations animations<\/p>\n<p>\u2022 Location de salle<\/p>\n<p>&nbsp;<\/p>\n<\/div>\n<\/div><\/div><\/div><div id=\"pgc-11-5-3\"  class=\"panel-grid-cell panel-grid-cell-empty\" ><\/div><\/div><\/div><div id=\"pg-11-6\"  class=\"panel-grid panel-has-style\" ><div class=\"panel-row-style panel-row-style-for-11-6\" ><div id=\"pgc-11-6-0\"  class=\"panel-grid-cell panel-grid-cell-empty\" ><\/div><div id=\"pgc-11-6-1\"  class=\"panel-grid-cell\" ><div id=\"panel-11-6-1-0\" class=\"so-panel widget widget_sow-editor panel-first-child panel-last-child\" data-index=\"9\" ><div\n\t\t\t\n\t\t\tclass=\"so-widget-sow-editor so-widget-sow-editor-base\"\n\t\t\t\n\t\t>\n<div class=\"siteorigin-widget-tinymce textwidget\">\n\t<h3 style=\"text-align: center;\"><strong>Rejoignez l\u2019aventure d\u00e8s maintenant !<\/strong><\/h3>\n<p style=\"text-align: center;\">Prenez contact avec nous d\u00e8s maintenant :<br \/>\n07 88 00 65 39<br \/>\n<em><a class=\"decorated-link cursor-pointer\" rel=\"noopener\">contact@com2iles.fr<\/a><\/em><\/p>\n<p style=\"text-align: center;\"><strong data-start=\"1947\" data-end=\"1986\">Suivez nous sur les r\u00e9seaux sociaux<\/strong><\/p>\n<p style=\"text-align: center;\"><a href=\"https:\/\/www.facebook.com\/profile.php?id=61581021777788\">Facebook<\/a><\/p>\n<p style=\"text-align: center;\"><a href=\"https:\/\/www.instagram.com\/com2iles\/\">Instagram<\/a><\/p>\n<p style=\"text-align: center;\">\n<\/div>\n<\/div><\/div><\/div><div id=\"pgc-11-6-2\"  class=\"panel-grid-cell panel-grid-cell-mobile-last\" ><div id=\"panel-11-6-2-0\" class=\"so-panel widget widget_sow-editor panel-first-child panel-last-child\" data-index=\"10\" ><div\n\t\t\t\n\t\t\tclass=\"so-widget-sow-editor so-widget-sow-editor-base\"\n\t\t\t\n\t\t>\n<div class=\"siteorigin-widget-tinymce textwidget\">\n\t<p><iframe loading=\"lazy\" style=\"border: 0;\" src=\"https:\/\/www.google.com\/maps\/embed\/v1\/place?key=AIzaSyB2NIWI3Tv9iDPrlnowr_0ZqZWoAQydKJU&amp;q=La%20Baraque%20David%2C%20Saint-Laurent-Chabreuges%2C%20France&amp;maptype=roadmap\" width=\"100%\" height=\"650px\" frameborder=\"0\" allowfullscreen=\"allowfullscreen\"><\/iframe><\/p>\n<\/div>\n<\/div><\/div><\/div><div id=\"pgc-11-6-3\"  class=\"panel-grid-cell panel-grid-cell-empty\" ><\/div><\/div><\/div><div id=\"pg-11-7\"  class=\"panel-grid panel-no-style\" ><div id=\"pgc-11-7-0\"  class=\"panel-grid-cell\" ><div id=\"panel-11-7-0-0\" class=\"so-panel widget widget_sow-editor panel-first-child panel-last-child\" data-index=\"11\" ><div\n\t\t\t\n\t\t\tclass=\"so-widget-sow-editor so-widget-sow-editor-base\"\n\t\t\t\n\t\t>\n<div class=\"siteorigin-widget-tinymce textwidget\">\n\t<h3 style=\"text-align: center;\"><span style=\"color: #ffffff;\">Avec le soutien de :<\/span><\/h3>\n<p><img loading=\"lazy\" decoding=\"async\" class=\"aligncenter wp-image-121 size-thumbnail\" src=\"https:\/\/com2iles.fr\/wp-content\/uploads\/2025\/09\/LOGO-IDEE-BLE-MAR-1-150x150.jpg\" alt=\"\" width=\"150\" height=\"150\" \/><\/p>\n<\/div>\n<\/div><\/div><\/div><\/div><\/div>","protected":false},"excerpt":{"rendered":"<p>Acad\u00e9mie de Danses Fitness Afro-Carib\u00e9ennes OUVERTURE LE 6 octobre \u00c0 La Baraque David, SAINT-LAURENT-CHABREUGES pr\u00e8s de BRIOUDE La Baraque David, 43100 Saint-Laurent-Chabreuges 07 88 00 65 39 contact@com2iles.fr Bienvenue \u00e0 l\u2019Acad\u00e9mie Danses Afro-Carib\u00e9ennes \/ Fitness, un espace unique o\u00f9 la danse, le sport et la culture se rencontrent pour cr\u00e9er une exp\u00e9rience inoubliable\u00a0!<\/p>\n","protected":false},"author":2,"featured_media":0,"parent":0,"menu_order":0,"comment_status":"closed","ping_status":"closed","template":"","meta":{"footnotes":""},"class_list":["post-11","page","type-page","status-publish","hentry","post"],"_links":{"self":[{"href":"https:\/\/com2iles.fr\/index.php\/wp-json\/wp\/v2\/pages\/11","targetHints":{"allow":["GET"]}}],"collection":[{"href":"https:\/\/com2iles.fr\/index.php\/wp-json\/wp\/v2\/pages"}],"about":[{"href":"https:\/\/com2iles.fr\/index.php\/wp-json\/wp\/v2\/types\/page"}],"author":[{"embeddable":true,"href":"https:\/\/com2iles.fr\/index.php\/wp-json\/wp\/v2\/users\/2"}],"replies":[{"embeddable":true,"href":"https:\/\/com2iles.fr\/index.php\/wp-json\/wp\/v2\/comments?post=11"}],"version-history":[{"count":107,"href":"https:\/\/com2iles.fr\/index.php\/wp-json\/wp\/v2\/pages\/11\/revisions"}],"predecessor-version":[{"id":142,"href":"https:\/\/com2iles.fr\/index.php\/wp-json\/wp\/v2\/pages\/11\/revisions\/142"}],"wp:attachment":[{"href":"https:\/\/com2iles.fr\/index.php\/wp-json\/wp\/v2\/media?parent=11"}],"curies":[{"name":"wp","href":"https:\/\/api.w.org\/{rel}","templated":true}]}}